{"id":74,"date":"2019-07-30T11:53:48","date_gmt":"2019-07-30T09:53:48","guid":{"rendered":"http:\/\/asso.ecoforum.fr\/?page_id=74"},"modified":"2022-07-09T23:46:24","modified_gmt":"2022-07-09T21:46:24","slug":"74-2","status":"publish","type":"page","link":"https:\/\/asso.ecoforum.fr\/","title":{"rendered":"Accueil"},"content":{"rendered":"<p><strong><a href=\"https:\/\/asso.ecoforum.fr\/wp-content\/uploads\/2021\/04\/EcoDebat-Politique-du-Handicap-20210429.pdf\">ECOD\u00c9BAT \u00abPOLITIQUES DU HANDICAP \u00bb<\/a> le jeudi 29 avril 2021 de 17h30 pr\u00e9cise \u00e0 19h (<a href=\"https:\/\/fb.me\/e\/4bxOZgzA0\">Inscriptions<\/a>).<br \/><\/strong><\/p>\r\n<p><a href=\"https:\/\/asso.ecoforum.fr\/wp-content\/uploads\/2021\/04\/EcoDebat-Politique-du-Handicap-20210429.pdf\"><img loading=\"lazy\" class=\"alignnone size-full wp-image-278\" src=\"https:\/\/asso.ecoforum.fr\/wp-content\/uploads\/2021\/04\/ECODEBAT-HANDICAP.jpg\" alt=\"\" width=\"1197\" height=\"628\" srcset=\"https:\/\/asso.ecoforum.fr\/wp-content\/uploads\/2021\/04\/ECODEBAT-HANDICAP.jpg 1197w, https:\/\/asso.ecoforum.fr\/wp-content\/uploads\/2021\/04\/ECODEBAT-HANDICAP-300x157.jpg 300w, https:\/\/asso.ecoforum.fr\/wp-content\/uploads\/2021\/04\/ECODEBAT-HANDICAP-1024x537.jpg 1024w, https:\/\/asso.ecoforum.fr\/wp-content\/uploads\/2021\/04\/ECODEBAT-HANDICAP-768x403.jpg 768w\" sizes=\"(max-width: 1197px) 100vw, 1197px\" \/><\/a><\/p>\r\n<p><strong><a href=\"https:\/\/asso.ecoforum.fr\/wp-content\/uploads\/2021\/04\/EcoDebat-Les-Animaux-en-Ville-20210415.pdf\"><b>ECOD\u00c9BAT<\/b> : \u00abLes Animaux en ville\u00bb le jeudi 15 avril 2021 de 17h30 pr\u00e9cises \u00e0 19h<\/a> (<a href=\"https:\/\/www.facebook.com\/events\/2900667170181445?acontext=%7B%22event_action_history%22%3A[%7B%22extra_data%22%3A%22%22%2C%22mechanism%22%3A%22your_upcoming_events_unit%22%2C%22surface%22%3A%22bookmark%22%7D%2C%7B%22extra_data%22%3A%22%22%2C%22mechanism%22%3A%22your_upcoming_events_unit%22%2C%22surface%22%3A%22bookmark%22%7D]%2C%22ref%22%3A%2252%22%2C%22ref_notif_type%22%3Anull%7D\">Inscriptions<\/a>).<br \/><\/strong><\/p>\r\n<p><img loading=\"lazy\" class=\"alignnone wp-image-270 size-full\" src=\"https:\/\/asso.ecoforum.fr\/wp-content\/uploads\/2021\/04\/animaux.jpg\" alt=\"\" width=\"960\" height=\"504\" srcset=\"https:\/\/asso.ecoforum.fr\/wp-content\/uploads\/2021\/04\/animaux.jpg 960w, https:\/\/asso.ecoforum.fr\/wp-content\/uploads\/2021\/04\/animaux-300x158.jpg 300w, https:\/\/asso.ecoforum.fr\/wp-content\/uploads\/2021\/04\/animaux-768x403.jpg 768w\" sizes=\"(max-width: 960px) 100vw, 960px\" \/><\/p>\r\n<p><strong><a href=\"https:\/\/asso.ecoforum.fr\/wp-content\/uploads\/2021\/03\/EcoDebat-La-Concertation-20210401.pdf\"><b>ECOD\u00c9BAT<\/b> : \u00abLA CONCERTATION\u00bb le jeudi 1<sup>er<\/sup> avril 2021 de 17h30 pr\u00e9cises \u00e0 19h<\/a> (<a href=\"https:\/\/fb.me\/e\/bTZQdt4oE\">Inscriptions<\/a>).<br \/><\/strong><\/p>\r\n<p><a href=\"https:\/\/asso.ecoforum.fr\/wp-content\/uploads\/2021\/03\/EcoDebat-La-Concertation-20210401.pdf\"><img loading=\"lazy\" class=\"alignnone size-full wp-image-264\" src=\"https:\/\/asso.ecoforum.fr\/wp-content\/uploads\/2021\/03\/ECODEBAT-CONCERTATION.jpg\" alt=\"\" width=\"1167\" height=\"611\" srcset=\"https:\/\/asso.ecoforum.fr\/wp-content\/uploads\/2021\/03\/ECODEBAT-CONCERTATION.jpg 1167w, https:\/\/asso.ecoforum.fr\/wp-content\/uploads\/2021\/03\/ECODEBAT-CONCERTATION-300x157.jpg 300w, https:\/\/asso.ecoforum.fr\/wp-content\/uploads\/2021\/03\/ECODEBAT-CONCERTATION-1024x536.jpg 1024w, https:\/\/asso.ecoforum.fr\/wp-content\/uploads\/2021\/03\/ECODEBAT-CONCERTATION-768x402.jpg 768w\" sizes=\"(max-width: 1167px) 100vw, 1167px\" \/><\/a><\/p>\r\n<p><strong><a href=\"https:\/\/asso.ecoforum.fr\/wp-content\/uploads\/2021\/03\/EcoDebat-Le-COVID-19-a-Marseille-et-Dans-le-Sud-20210311.pdf\"><b>ECOD\u00c9BAT<\/b> : Situation COVID-19 \u00e0 Marseille et \u00e0 la M\u00e9tropole<\/a><br \/>le jeudi 11 mars 2021 de 17h30 pr\u00e9cises \u00e0 19h (<a href=\"https:\/\/fb.me\/e\/3YyKlGJva\">Inscriptions<\/a>)<\/strong><a href=\"https:\/\/asso.ecoforum.fr\/wp-content\/uploads\/2021\/03\/EcoDebat-Le-COVID-19-a-Marseille-et-Dans-le-Sud-20210311.pdf\"><img loading=\"lazy\" class=\"alignnone size-full wp-image-251\" src=\"https:\/\/asso.ecoforum.fr\/wp-content\/uploads\/2021\/03\/ECODEBAT-COVID19.jpg\" alt=\"\" width=\"999\" height=\"525\" srcset=\"https:\/\/asso.ecoforum.fr\/wp-content\/uploads\/2021\/03\/ECODEBAT-COVID19.jpg 999w, https:\/\/asso.ecoforum.fr\/wp-content\/uploads\/2021\/03\/ECODEBAT-COVID19-300x158.jpg 300w, https:\/\/asso.ecoforum.fr\/wp-content\/uploads\/2021\/03\/ECODEBAT-COVID19-768x404.jpg 768w\" sizes=\"(max-width: 999px) 100vw, 999px\" \/><\/a><\/p>\r\n<p style=\"text-align: left;\"><a href=\"https:\/\/asso.ecoforum.fr\/wp-content\/uploads\/2021\/02\/EcoDebat-Habitat-Insalubre-Risques-defondrement-20210225.pdf\"><b><strong>ECOD\u00c9BAT \u00ab L\u2019Habitat Indigne et les Risques d&rsquo;effondrements \u00bb <\/strong>le <strong>jeudi 25 f\u00e9vrier 2021 <\/strong><\/b><\/a><a href=\"https:\/\/asso.ecoforum.fr\/wp-content\/uploads\/2021\/02\/EcoDebat-Habitat-Insalubre-Risques-defondrement-20210225.pdf\"><img loading=\"lazy\" class=\"alignnone size-full wp-image-246\" src=\"https:\/\/asso.ecoforum.fr\/wp-content\/uploads\/2021\/02\/ECODEBAT-habitat-Indigne.jpg\" alt=\"\" width=\"829\" height=\"435\" srcset=\"https:\/\/asso.ecoforum.fr\/wp-content\/uploads\/2021\/02\/ECODEBAT-habitat-Indigne.jpg 829w, https:\/\/asso.ecoforum.fr\/wp-content\/uploads\/2021\/02\/ECODEBAT-habitat-Indigne-300x157.jpg 300w, https:\/\/asso.ecoforum.fr\/wp-content\/uploads\/2021\/02\/ECODEBAT-habitat-Indigne-768x403.jpg 768w\" sizes=\"(max-width: 829px) 100vw, 829px\" \/><\/a><\/p>\r\n<p style=\"text-align: left;\"><a href=\"https:\/\/asso.ecoforum.fr\/wp-content\/uploads\/2021\/02\/EcoDebat-Dechets-Proprete-20210211.pdf\"><b>ECOD\u00c9BAT<\/b><b> <\/b><b>\u00ab\u00a0Propret\u00e9<\/b> <b>et<\/b> <b>D\u00e9chets \u00bb<\/b>, le <b>jeudi 11 f\u00e9vrier 2021 de 17h30 pr\u00e9cises<\/b> \u00e0 19h<\/a><\/p>\r\n<p style=\"text-align: center;\"><a href=\"https:\/\/asso.ecoforum.fr\/wp-content\/uploads\/2021\/02\/EcoDebat-Dechets-Proprete-20210211.pdf\"><img loading=\"lazy\" class=\"alignnone size-full wp-image-241\" src=\"https:\/\/asso.ecoforum.fr\/wp-content\/uploads\/2021\/02\/Eco-Debats-Dechets.jpg\" alt=\"\" width=\"1024\" height=\"538\" srcset=\"https:\/\/asso.ecoforum.fr\/wp-content\/uploads\/2021\/02\/Eco-Debats-Dechets.jpg 1024w, https:\/\/asso.ecoforum.fr\/wp-content\/uploads\/2021\/02\/Eco-Debats-Dechets-300x158.jpg 300w, https:\/\/asso.ecoforum.fr\/wp-content\/uploads\/2021\/02\/Eco-Debats-Dechets-768x404.jpg 768w\" sizes=\"(max-width: 1024px) 100vw, 1024px\" \/><\/a><\/p>\r\n<p style=\"text-align: center;\"><a href=\"https:\/\/asso.ecoforum.fr\/wp-content\/uploads\/2021\/01\/EcoDebat-Agriculture-et-Alimentaion-Durable-20210128-1.pdf\"><strong>ECOD\u00c9BAT \u00ab L&rsquo;alimentation et l&rsquo;agriculture durable \u00bb <\/strong>le <strong>jeudi 28 janvier 2021 de 17h30 pr\u00e9cises<\/strong> \u00e0 19h<\/a><\/p>\r\n<p style=\"text-align: center;\"><img loading=\"lazy\" class=\"alignnone size-full wp-image-235\" src=\"https:\/\/asso.ecoforum.fr\/wp-content\/uploads\/2021\/01\/PhEcoDebar-alimentation-agriculture-1.jpg\" alt=\"\" width=\"952\" height=\"500\" srcset=\"https:\/\/asso.ecoforum.fr\/wp-content\/uploads\/2021\/01\/PhEcoDebar-alimentation-agriculture-1.jpg 952w, https:\/\/asso.ecoforum.fr\/wp-content\/uploads\/2021\/01\/PhEcoDebar-alimentation-agriculture-1-300x158.jpg 300w, https:\/\/asso.ecoforum.fr\/wp-content\/uploads\/2021\/01\/PhEcoDebar-alimentation-agriculture-1-768x403.jpg 768w\" sizes=\"(max-width: 952px) 100vw, 952px\" \/><\/p>\r\n<p style=\"text-align: center;\"><a href=\"https:\/\/asso.ecoforum.fr\/wp-content\/uploads\/2020\/07\/EcoDebat-Sensibilisation-et-Education-20210115.pdf\"><strong>ECOD\u00c9BAT \u00ab \u00c9ducation \u00e0 l\u2019environnement et au Climat \u00bb <\/strong>le <strong>jeudi 14 janvier 2021 de 17h30 pr\u00e9cises<\/strong> \u00e0 19h<\/a><\/p>\r\n<p style=\"text-align: center;\"><a href=\"https:\/\/asso.ecoforum.fr\/wp-content\/uploads\/2020\/07\/EcoDebat-Sensibilisation-et-Education-20210115.pdf\"><img loading=\"lazy\" class=\"alignnone size-full wp-image-229\" src=\"https:\/\/asso.ecoforum.fr\/wp-content\/uploads\/2020\/07\/Eco-Debat-EDUCATION.jpg\" alt=\"\" width=\"698\" height=\"366\" srcset=\"https:\/\/asso.ecoforum.fr\/wp-content\/uploads\/2020\/07\/Eco-Debat-EDUCATION.jpg 698w, https:\/\/asso.ecoforum.fr\/wp-content\/uploads\/2020\/07\/Eco-Debat-EDUCATION-300x157.jpg 300w\" sizes=\"(max-width: 698px) 100vw, 698px\" \/><\/a><\/p>\r\n<p style=\"text-align: center;\"><a href=\"https:\/\/asso.ecoforum.fr\/wp-content\/uploads\/2020\/11\/EcoDebat-Transition-Ecologique-20201211.pdf\">ECO-D\u00c9BAT <strong>: \u00ab\u00a0Quelle transition \u00e9cologique\u00a0?\u00a0\u00bb <\/strong><\/a><\/p>\r\n<p style=\"text-align: center;\"><img loading=\"lazy\" class=\"alignnone size-full wp-image-223\" src=\"https:\/\/asso.ecoforum.fr\/wp-content\/uploads\/2020\/11\/ECODEBAT-TRANSITION-ECOLOGIQUE-scaled.jpg\" alt=\"\" width=\"2560\" height=\"1440\" srcset=\"https:\/\/asso.ecoforum.fr\/wp-content\/uploads\/2020\/11\/ECODEBAT-TRANSITION-ECOLOGIQUE-scaled.jpg 2560w, https:\/\/asso.ecoforum.fr\/wp-content\/uploads\/2020\/11\/ECODEBAT-TRANSITION-ECOLOGIQUE-300x169.jpg 300w, https:\/\/asso.ecoforum.fr\/wp-content\/uploads\/2020\/11\/ECODEBAT-TRANSITION-ECOLOGIQUE-1024x576.jpg 1024w, https:\/\/asso.ecoforum.fr\/wp-content\/uploads\/2020\/11\/ECODEBAT-TRANSITION-ECOLOGIQUE-768x432.jpg 768w, https:\/\/asso.ecoforum.fr\/wp-content\/uploads\/2020\/11\/ECODEBAT-TRANSITION-ECOLOGIQUE-1536x864.jpg 1536w, https:\/\/asso.ecoforum.fr\/wp-content\/uploads\/2020\/11\/ECODEBAT-TRANSITION-ECOLOGIQUE-2048x1152.jpg 2048w, https:\/\/asso.ecoforum.fr\/wp-content\/uploads\/2020\/11\/ECODEBAT-TRANSITION-ECOLOGIQUE-1200x675.jpg 1200w\" sizes=\"(max-width: 2560px) 100vw, 2560px\" \/><\/p>\r\n<p style=\"text-align: center;\"><a href=\"https:\/\/asso.ecoforum.fr\/wp-content\/uploads\/2020\/11\/EcoDebat-Problematiques-sur-lEau-20201127.pdf\">ECO-D\u00c9BAT <strong>: Les probl\u00e9matiques de la gestion de l\u2019Eau<\/strong><\/a><\/p>\r\n<p style=\"text-align: center;\"><a href=\"https:\/\/asso.ecoforum.fr\/wp-content\/uploads\/2020\/11\/EcoDebat-Problematiques-sur-lEau-20201127.pdf\"><img src=\"https:\/\/asso.ecoforum.fr\/wp-content\/uploads\/2020\/11\/ECODEBAT-EAU-scaled.jpg\" \/><\/a><\/p>\r\n<p style=\"text-align: center;\"><a href=\"https:\/\/asso.ecoforum.fr\/wp-content\/uploads\/2020\/07\/SPORT-et-ENVIRONNEMENT-Affiche.pdf\">ECO-D\u00c9BAT SPORT ET ENVIRONNEMENT<\/a><\/p>\r\n<p style=\"text-align: center;\"><a href=\"https:\/\/asso.ecoforum.fr\/wp-content\/uploads\/2020\/07\/SPORT-et-ENVIRONNEMENT-Affiche.pdf\"><img src=\"https:\/\/asso.ecoforum.fr\/wp-content\/uploads\/2020\/07\/FB-ECODEBAT-Sport-Environnement.jpg\" \/><\/a><\/p>\r\n<p style=\"text-align: center;\"><img loading=\"lazy\" class=\"alignnone size-full wp-image-204\" src=\"https:\/\/asso.ecoforum.fr\/wp-content\/uploads\/2020\/07\/Vhe20200730-10Eluthon-LaProv.jpg\" alt=\"\" width=\"1276\" height=\"1246\" srcset=\"https:\/\/asso.ecoforum.fr\/wp-content\/uploads\/2020\/07\/Vhe20200730-10Eluthon-LaProv.jpg 1276w, https:\/\/asso.ecoforum.fr\/wp-content\/uploads\/2020\/07\/Vhe20200730-10Eluthon-LaProv-300x293.jpg 300w, https:\/\/asso.ecoforum.fr\/wp-content\/uploads\/2020\/07\/Vhe20200730-10Eluthon-LaProv-1024x1000.jpg 1024w, https:\/\/asso.ecoforum.fr\/wp-content\/uploads\/2020\/07\/Vhe20200730-10Eluthon-LaProv-768x750.jpg 768w, https:\/\/asso.ecoforum.fr\/wp-content\/uploads\/2020\/07\/Vhe20200730-10Eluthon-LaProv-1200x1172.jpg 1200w\" sizes=\"(max-width: 1276px) 100vw, 1276px\" \/><\/p>\r\n<p style=\"text-align: center;\"><a href=\"https:\/\/france3-regions.francetvinfo.fr\/provence-alpes-cote-d-azur\/bouches-du-rhone\/marseille\/marseille-132-euros-mois-association-elus-lancent-eluthon-1858702.html?fbclid=IwAR2grXglws2lfi7gvMttqoEV51o3DsxApc3oD1689mB9jfKY7P6RMCf1I0k\">https:\/\/france3-regions.francetvinfo.fr\/provence-alpes-cote-d-azur\/bouches-du-rhone\/marseille\/marseille-132-euros-mois-association-elus-lancent-eluthon-1858702.html?fbclid=IwAR2grXglws2lfi7gvMttqoEV51o3DsxApc3oD1689mB9jfKY7P6RMCf1I0k<\/a><\/p>\r\n<p><img loading=\"lazy\" class=\"alignnone size-full wp-image-207 aligncenter\" src=\"https:\/\/asso.ecoforum.fr\/wp-content\/uploads\/2020\/07\/je-donne-10-1.jpg\" alt=\"\" width=\"1280\" height=\"720\" srcset=\"https:\/\/asso.ecoforum.fr\/wp-content\/uploads\/2020\/07\/je-donne-10-1.jpg 1280w, https:\/\/asso.ecoforum.fr\/wp-content\/uploads\/2020\/07\/je-donne-10-1-300x169.jpg 300w, https:\/\/asso.ecoforum.fr\/wp-content\/uploads\/2020\/07\/je-donne-10-1-1024x576.jpg 1024w, https:\/\/asso.ecoforum.fr\/wp-content\/uploads\/2020\/07\/je-donne-10-1-768x432.jpg 768w, https:\/\/asso.ecoforum.fr\/wp-content\/uploads\/2020\/07\/je-donne-10-1-1200x675.jpg 1200w\" sizes=\"(max-width: 1280px) 100vw, 1280px\" \/><\/p>\r\n<p>\u00a0<\/p>\r\n\r\n\r\n<\/p>\r\n<table class=\"wp-block-table\" style=\"height: 1105px;\" width=\"1333\">\r\n<tbody>\r\n<tr>\r\n<td>\r\n<p><iframe loading=\"lazy\" src=\"https:\/\/www.youtube.com\/embed\/A9F0POD9IgY\" width=\"260\" height=\"215\" frameborder=\"0\" allowfullscreen=\"allowfullscreen\"><\/iframe><\/p>\r\n<p><strong>Jo\u00ebl PARIS &#8211; F\u00e9d\u00e9rateur de\u00a0 l&rsquo;Association R\u00eave \u00e0 perte de vue.<br \/><\/strong>Voici notre premi\u00e8re prise de parole (1 min) sur l&rsquo;handicap \u00e0 Marseille.\u00a0<\/p>\r\n<p>&nbsp;<\/p>\r\n<p>&nbsp;<\/p>\r\n<\/td>\r\n<td>\r\n<p><iframe loading=\"lazy\" src=\"https:\/\/www.youtube.com\/embed\/yiAYR607Usg\" width=\"260\" height=\"215\" frameborder=\"0\" allowfullscreen=\"allowfullscreen\"><span data-mce-type=\"bookmark\" style=\"display: inline-block; width: 0px; overflow: hidden; line-height: 0;\" class=\"mce_SELRES_start\">\ufeff<\/span><\/iframe><\/p>\r\n<p><strong>Abd\u00e8s BENGORINE &#8211; Fondateur de Recyclop.<\/strong><br \/>L&rsquo;Association Recyclop donne son cri d&rsquo;alarme et propose des solutions concr\u00e8tes face aux probl\u00e8mes de la pollution caus\u00e9e par les m\u00e9gots de cigarettes.\u00a0<\/p>\r\n<p>&nbsp;<\/p>\r\n<\/td>\r\n<td>\r\n<p><iframe loading=\"lazy\" src=\"https:\/\/www.youtube.com\/embed\/BUwPSSGVnJU\" width=\"260\" height=\"215\" frameborder=\"0\" allowfullscreen=\"allowfullscreen\"><\/iframe><\/p>\r\n<p><strong>Blanche de WEERDT &#8211; Pr\u00e9sidente A.PR.EN.<br \/><\/strong><span id=\"fbPhotoSnowliftCaption\" class=\"fbPhotosPhotoCaption\" tabindex=\"0\" aria-live=\"polite\" data-ft=\"{&quot;tn&quot;:&quot;K&quot;}\"><span class=\"fbPhotoSnowliftVideoTitle\">La parole est \u00e0 vous &#8211; 1 minute pour Marseille.<\/span><\/span><\/p>\r\n<p>&nbsp;<\/p>\r\n<p>&nbsp;<\/p>\r\n<p>&nbsp;<\/p>\r\n<\/td>\r\n<\/tr>\r\n<tr>\r\n<td>\r\n<p><iframe loading=\"lazy\" src=\"https:\/\/www.youtube.com\/embed\/lCo_U7xv83s\" width=\"260\" height=\"215\" frameborder=\"0\" allowfullscreen=\"allowfullscreen\"><\/iframe><br \/><span id=\"fbPhotoSnowliftCaption\" class=\"fbPhotosPhotoCaption\" tabindex=\"0\" aria-live=\"polite\" data-ft=\"{&quot;tn&quot;:&quot;K&quot;}\"><\/span><\/p>\r\n<p><span id=\"fbPhotoSnowliftCaption\" class=\"fbPhotosPhotoCaption\" tabindex=\"0\" aria-live=\"polite\" data-ft=\"{&quot;tn&quot;:&quot;K&quot;}\"><span class=\"hasCaption\"><strong>Victor Hugo ESPINOSA<\/strong> &#8211; <strong>Directeur d&rsquo;ECOFORUM.<\/strong> <br \/><\/span><\/span><span id=\"fbPhotoSnowliftCaption\" class=\"fbPhotosPhotoCaption\" tabindex=\"0\" aria-live=\"polite\" data-ft=\"{&quot;tn&quot;:&quot;K&quot;}\"><span class=\"hasCaption\">La page \u00ab\u00a0Paroles des Marseillais et Marseillaises\u00a0\u00bb est d\u00e9sormais \u00e0 votre \u00e9coute pour que vous puissiez exprimer (en 1 min maxi) votre critique sur Marseille ainsi que votre solution. Contactez-nous au par e-mail, contact@ecoforum.fr et aidez-nous \u00e0 nous faire savoir en partageant cette vid\u00e9o.<\/span><\/span><\/p>\r\n<\/td>\r\n<td>\r\n<p><iframe loading=\"lazy\" src=\"https:\/\/www.youtube.com\/embed\/hCEtoCTLY38\" width=\"260\" height=\"215\" frameborder=\"0\" allowfullscreen=\"allowfullscreen\"><\/iframe><br \/><span id=\"fbPhotoSnowliftCaption\" class=\"fbPhotosPhotoCaption\" tabindex=\"0\" aria-live=\"polite\" data-ft=\"{&quot;tn&quot;:&quot;K&quot;}\"><\/span><\/p>\r\n<p><span id=\"fbPhotoSnowliftCaption\" class=\"fbPhotosPhotoCaption\" tabindex=\"0\" aria-live=\"polite\" data-ft=\"{&quot;tn&quot;:&quot;K&quot;}\"><span class=\"fbPhotoSnowliftVideoTitle\"><strong>Ana\u00efs HERAUD &#8211; B\u00e9n\u00e9vole.<\/strong><br \/>La parole est \u00e0 vous &#8211; 1 minute pour Marseille.<\/span><\/span><\/p>\r\n<p>&nbsp;<\/p>\r\n<p>&nbsp;<\/p>\r\n<p>&nbsp;<\/p>\r\n<p>&nbsp;<\/p>\r\n<\/td>\r\n<td>\r\n<p><iframe loading=\"lazy\" src=\"https:\/\/www.youtube.com\/embed\/uCRMOnP9_rg\" width=\"260\" height=\"215\" frameborder=\"0\" allowfullscreen=\"allowfullscreen\"><\/iframe><\/p>\r\n<p><strong>Corentin MOY &#8211; B\u00e9n\u00e9vole.<br \/><\/strong>Co-concepteur et responsable technique de la page et des vid\u00e9os Paroles des Marseillais et Marseillaises.<\/p>\r\n<p>&nbsp;<\/p>\r\n<p>&nbsp;<\/p>\r\n<p>&nbsp;<\/p>\r\n<\/td>\r\n<\/tr>\r\n<\/tbody>\r\n<\/table>\r\n<p>\r\n\r\n\r\n<p><\/p>","protected":false},"excerpt":{"rendered":"<p>ECOD\u00c9BAT \u00abPOLITIQUES DU HANDICAP \u00bb le jeudi 29 avril 2021 de 17h30 pr\u00e9cise \u00e0 19h (Inscriptions). ECOD\u00c9BAT : \u00abLes Animaux en ville\u00bb le jeudi 15 avril 2021 de 17h30 pr\u00e9cises \u00e0 19h (Inscriptions). ECOD\u00c9BAT : \u00abLA CONCERTATION\u00bb le jeudi 1er avril 2021 de 17h30 pr\u00e9cises \u00e0 19h (Inscriptions). ECOD\u00c9BAT : Situation COVID-19 \u00e0 Marseille et [&hellip;]<\/p>\n","protected":false},"author":1,"featured_media":0,"parent":0,"menu_order":0,"comment_status":"closed","ping_status":"closed","template":"","meta":[],"_links":{"self":[{"href":"https:\/\/asso.ecoforum.fr\/index.php\/wp-json\/wp\/v2\/pages\/74"}],"collection":[{"href":"https:\/\/asso.ecoforum.fr\/index.php\/wp-json\/wp\/v2\/pages"}],"about":[{"href":"https:\/\/asso.ecoforum.fr\/index.php\/wp-json\/wp\/v2\/types\/page"}],"author":[{"embeddable":true,"href":"https:\/\/asso.ecoforum.fr\/index.php\/wp-json\/wp\/v2\/users\/1"}],"replies":[{"embeddable":true,"href":"https:\/\/asso.ecoforum.fr\/index.php\/wp-json\/wp\/v2\/comments?post=74"}],"version-history":[{"count":9,"href":"https:\/\/asso.ecoforum.fr\/index.php\/wp-json\/wp\/v2\/pages\/74\/revisions"}],"predecessor-version":[{"id":312,"href":"https:\/\/asso.ecoforum.fr\/index.php\/wp-json\/wp\/v2\/pages\/74\/revisions\/312"}],"wp:attachment":[{"href":"https:\/\/asso.ecoforum.fr\/index.php\/wp-json\/wp\/v2\/media?parent=74"}],"curies":[{"name":"wp","href":"https:\/\/api.w.org\/{rel}","templated":true}]}}