{"id":150,"date":"2020-07-28T11:11:49","date_gmt":"2020-07-28T09:11:49","guid":{"rendered":"http:\/\/asso.ecoforum.fr\/?page_id=150"},"modified":"2020-07-29T14:55:12","modified_gmt":"2020-07-29T12:55:12","slug":"inscription-eluthon","status":"publish","type":"page","link":"https:\/\/asso.ecoforum.fr\/index.php\/inscription-eluthon\/","title":{"rendered":"Inscription \u00c9luthon"},"content":{"rendered":"<p><a class=\"wpsebtn\" id=\"btn-28a05400-2b4f-9488-7651-3eac32cbd33f\" data-text=\"Informations\" data-font-size=\"14\" data-color=\"#ffffff\" data-background=\"#0e83cd\" data-padding-left=\"12\" data-padding-top=\"6\" data-padding-right=\"12\" data-padding-bottom=\"6\" data-border-radius=\"0\" data-border-color=\"#357ebd\" data-border-width=\"1\" data-color-hover=\"#ffffff\" data-background-hover=\"#1990f9\" data-box-shadow-color-hover=\"#bababa\" data-box-shadow-horz-hover=\"3\" data-box-shadow-vert-hover=\"3\" data-box-shadow-blur-hover=\"3\" data-box-shadow-spread-hover=\"0\" href=\"https:\/\/asso.ecoforum.fr\/index.php\/eluthon\/\" type=\"button\"> Informations <\/a><\/p>\n<div role=\"form\" class=\"wpcf7\" id=\"wpcf7-f132-o1\" lang=\"fr-FR\" dir=\"ltr\">\n<div class=\"screen-reader-response\"><p role=\"status\" aria-live=\"polite\" aria-atomic=\"true\"><\/p> <ul><\/ul><\/div>\n<form action=\"\/index.php\/wp-json\/wp\/v2\/pages\/150#wpcf7-f132-o1\" method=\"post\" class=\"wpcf7-form init\" enctype=\"multipart\/form-data\" novalidate=\"novalidate\" data-status=\"init\">\n<div style=\"display: none;\">\n<input type=\"hidden\" name=\"_wpcf7\" value=\"132\" \/>\n<input type=\"hidden\" name=\"_wpcf7_version\" value=\"5.6\" \/>\n<input type=\"hidden\" name=\"_wpcf7_locale\" value=\"fr_FR\" \/>\n<input type=\"hidden\" name=\"_wpcf7_unit_tag\" value=\"wpcf7-f132-o1\" \/>\n<input type=\"hidden\" name=\"_wpcf7_container_post\" value=\"0\" \/>\n<input type=\"hidden\" name=\"_wpcf7_posted_data_hash\" value=\"\" \/>\n<\/div>\n<p><span class=\"wpcf7-form-control-wrap\" data-name=\"civilite\"><span class=\"wpcf7-form-control wpcf7-radio\"><span class=\"wpcf7-list-item first\"><input type=\"radio\" name=\"civilite\" value=\"Madame\" checked=\"checked\" \/><span class=\"wpcf7-list-item-label\">Madame<\/span><\/span><span class=\"wpcf7-list-item last\"><input type=\"radio\" name=\"civilite\" value=\"Monsieur\" \/><span class=\"wpcf7-list-item-label\">Monsieur<\/span><\/span><\/span><\/span><\/p>\n<p><label> Votre nom (obligatoire)<br \/>\n    <span class=\"wpcf7-form-control-wrap\" data-name=\"your-name\"><input type=\"text\" name=\"your-name\" value=\"\" size=\"40\" class=\"wpcf7-form-control wpcf7-text wpcf7-validates-as-required\" aria-required=\"true\" aria-invalid=\"false\" \/><\/span> <\/label><\/p>\n<p><label> Votre pr\u00e9nom (obligatoire)<br \/>\n    <span class=\"wpcf7-form-control-wrap\" data-name=\"prenom\"><input type=\"text\" name=\"prenom\" value=\"\" size=\"40\" class=\"wpcf7-form-control wpcf7-text wpcf7-validates-as-required\" aria-required=\"true\" aria-invalid=\"false\" \/><\/span><\/label><\/p>\n<p><label> Votre mandat\/fonction (obligatoire)<br \/>\n    <span class=\"wpcf7-form-control-wrap\" data-name=\"fonction\"><input type=\"text\" name=\"fonction\" value=\"\" size=\"40\" class=\"wpcf7-form-control wpcf7-text wpcf7-validates-as-required\" aria-required=\"true\" aria-invalid=\"false\" \/><\/span><\/label><\/p>\n<p><label> Votre ville (obligatoire)<br \/>\n    <span class=\"wpcf7-form-control-wrap\" data-name=\"ville\"><input type=\"text\" name=\"ville\" value=\"\" size=\"40\" class=\"wpcf7-form-control wpcf7-text wpcf7-validates-as-required\" aria-required=\"true\" aria-invalid=\"false\" \/><\/span><\/label><\/p>\n<p><label> Votre adresse e-mail (obligatoire)<br \/>\n    <span class=\"wpcf7-form-control-wrap\" data-name=\"your-email\"><input type=\"email\" name=\"your-email\" value=\"\" size=\"40\" class=\"wpcf7-form-control wpcf7-text wpcf7-email wpcf7-validates-as-required wpcf7-validates-as-email\" aria-required=\"true\" aria-invalid=\"false\" \/><\/span> <\/label><\/p>\n<p><label> Votre t\u00e9l\u00e9phone (facultatif)<br \/>\n<span class=\"wpcf7-form-control-wrap\" data-name=\"telephone\"><input type=\"tel\" name=\"telephone\" value=\"\" size=\"40\" class=\"wpcf7-form-control wpcf7-text wpcf7-tel wpcf7-validates-as-tel\" aria-invalid=\"false\" \/><\/span><\/label><\/p>\n<p><label> Votre photo (Exemple :<img src=\"https:\/\/images2.imagebam.com\/40\/63\/45\/e021f81350260708.png\" height=\"120\" width=\"120\" \/>)<br \/>\n<span class=\"wpcf7-form-control-wrap\" data-name=\"photo\"><input type=\"file\" name=\"photo\" size=\"40\" class=\"wpcf7-form-control wpcf7-file\" accept=\"audio\/*,video\/*,image\/*\" aria-invalid=\"false\" \/><\/span><\/label><\/p>\n<p><label> Pour quelle association voulez-vous faire ce don ? (obligatoire)<br \/>\n<span class=\"wpcf7-form-control-wrap\" data-name=\"nom-association\"><input type=\"text\" name=\"nom-association\" value=\"\" size=\"40\" class=\"wpcf7-form-control wpcf7-text wpcf7-validates-as-required\" aria-required=\"true\" aria-invalid=\"false\" \/><\/span><br \/>\n<\/label><\/p>\n<p><label> A quelle hauteur se fera le don ? (montant total de don estim\u00e9 en 6 ans de mandat)  ? (facultatif)<br \/>\n<span class=\"wpcf7-form-control-wrap\" data-name=\"don\"><input type=\"text\" name=\"don\" value=\"\" size=\"40\" class=\"wpcf7-form-control wpcf7-text\" aria-invalid=\"false\" \/><\/span><br \/>\n<\/label><\/p>\n<p><label> Pourquoi je donne et pourquoi le choix de cette association : (350 caract\u00e8res maximum)<br \/>\n    <span class=\"wpcf7-form-control-wrap\" data-name=\"your-message\"><textarea name=\"your-message\" cols=\"40\" rows=\"10\" maxlength=\"350\" class=\"wpcf7-form-control wpcf7-textarea\" aria-invalid=\"false\"><\/textarea><\/span> <\/label> <\/p>\n<p>Votre Nom\/pr\u00e9nom, photo, fonction, nom de l'association pour laquelle vous faites votre don appara\u00eetrons sur le site internet et r\u00e9seaux sociaux pour \u00c9luthon.<\/p>\n<p>Les donn\u00e9es \u00e0 caract\u00e8re personnel (t\u00e9l\u00e9phone et e-mail) collect\u00e9es par le site ne sont transmises \u00e0 aucun tiers.<br \/>\nLes donn\u00e9es sont conserv\u00e9es pendant la dur\u00e9e de votre mandat. Vous pouvez acc\u00e9der aux donn\u00e9es vous concernant, les rectifier, demander leur effacement ou exercer votre droit \u00e0 la limitation du traitement de vos donn\u00e9es.<br \/>\nPour exercer ces droits ou pour toute question sur le traitement de vos donn\u00e9es dans ce dispositif, vous pouvez contacter nous contacter en retour (les coordonn\u00e9es seront fournies dans l'e-mail de remerciement). <\/p>\n<p><span class=\"wpcf7-form-control-wrap\" data-name=\"regleRgpd\"><span class=\"wpcf7-form-control wpcf7-checkbox wpcf7-validates-as-required\"><span class=\"wpcf7-list-item first last\"><input type=\"checkbox\" name=\"regleRgpd[]\" value=\"J&#039;accepte ces conditions\" \/><span class=\"wpcf7-list-item-label\">J&#039;accepte ces conditions<\/span><\/span><\/span><\/span><\/p>\n<p><input type=\"submit\" value=\"Envoyer\" class=\"wpcf7-form-control has-spinner wpcf7-submit\" \/><\/p>\n<p style=\"display: none !important;\"><label>&#916;<textarea name=\"_wpcf7_ak_hp_textarea\" cols=\"45\" rows=\"8\" maxlength=\"100\"><\/textarea><\/label><input type=\"hidden\" id=\"ak_js_1\" name=\"_wpcf7_ak_js\" value=\"197\"\/><script>document.getElementById( \"ak_js_1\" ).setAttribute( \"value\", ( new Date() ).getTime() );<\/script><\/p><div class=\"wpcf7-response-output\" aria-hidden=\"true\"><\/div><\/form><\/div>\n<div id=\"style-btn-28a05400-2b4f-9488-7651-3eac32cbd33f\">\n<style class=\"style-btn\">#btn-28a05400-2b4f-9488-7651-3eac32cbd33f {font-size: 14px;color: #ffffff;background: #0e83cd;padding-left: 12px;padding-top: 6px;padding-right: 12px;padding-bottom: 6px;border-radius: 0px;-moz-border-radius: 0px;-webkit-border-radius: 0px;border-color: #357ebd;border-width: 1px;} #btn-28a05400-2b4f-9488-7651-3eac32cbd33f:hover {background: #1990f9;color: #ffffff;box-shadow: 3px 3px 3px 0px #bababa;-moz-box-shadow: 3px 3px 3px 0px #bababa;-webkit-box-shadow: 3px 3px 3px 0px #bababa;}<\/style>\n<\/div>\n","protected":false},"excerpt":{"rendered":"<p>Informations<\/p>\n","protected":false},"author":1,"featured_media":0,"parent":0,"menu_order":0,"comment_status":"closed","ping_status":"closed","template":"","meta":[],"_links":{"self":[{"href":"https:\/\/asso.ecoforum.fr\/index.php\/wp-json\/wp\/v2\/pages\/150"}],"collection":[{"href":"https:\/\/asso.ecoforum.fr\/index.php\/wp-json\/wp\/v2\/pages"}],"about":[{"href":"https:\/\/asso.ecoforum.fr\/index.php\/wp-json\/wp\/v2\/types\/page"}],"author":[{"embeddable":true,"href":"https:\/\/asso.ecoforum.fr\/index.php\/wp-json\/wp\/v2\/users\/1"}],"replies":[{"embeddable":true,"href":"https:\/\/asso.ecoforum.fr\/index.php\/wp-json\/wp\/v2\/comments?post=150"}],"version-history":[{"count":0,"href":"https:\/\/asso.ecoforum.fr\/index.php\/wp-json\/wp\/v2\/pages\/150\/revisions"}],"wp:attachment":[{"href":"https:\/\/asso.ecoforum.fr\/index.php\/wp-json\/wp\/v2\/media?parent=150"}],"curies":[{"name":"wp","href":"https:\/\/api.w.org\/{rel}","templated":true}]}}